{"id":9,"date":"2025-06-10T15:45:50","date_gmt":"2025-06-10T15:45:50","guid":{"rendered":"https:\/\/edirneemniyetnakliyat.com.tr\/?page_id=9"},"modified":"2025-06-10T15:45:50","modified_gmt":"2025-06-10T15:45:50","slug":"iletisim","status":"publish","type":"page","link":"https:\/\/edirneemniyetnakliyat.com.tr\/enez\/iletisim\/","title":{"rendered":"\u0130leti\u015fim"},"content":{"rendered":"\n<p>\u0130leti\u015fim<\/p>\n\n\n\n<div class=\"wp-block-columns is-layout-flex wp-container-core-columns-is-layout-28f84493 wp-block-columns-is-layout-flex\">\n<div class=\"wp-block-column is-layout-flow wp-block-column-is-layout-flow\" style=\"flex-basis:33.33%\">\n<p><a href=\"tel:05545309748\"><strong> 0554 530 97 48<\/strong><\/a><\/p>\n\n\n\n<p><strong><a href=\"tel:05363117259\">0536 311 72 59<\/a><\/strong><\/p>\n\n\n\n<p>\u015eehirlerars\u0131 Ev Ta\u015f\u0131ma Hizmeti<\/p>\n<\/div>\n\n\n\n<div class=\"wp-block-column is-layout-flow wp-block-column-is-layout-flow\" style=\"flex-basis:66.66%\">\n<h3 class=\"wp-block-heading\">M\u00fc\u015fteri Memnuniyeti \u00d6nceli\u011fimizdir<\/h3>\n\n\n\n<p>Edirne evden eve nakliyat hizmetlerimizde temel hedefimiz, m\u00fc\u015fterilerimizin memnuniyetini en \u00fcst seviyede tutmakt\u0131r. Her ad\u0131mda sizinle ileti\u015fim halinde olur, beklentilerinize en uygun \u00e7\u00f6z\u00fcmleri sunar\u0131z. Ta\u015f\u0131nman\u0131n stresli bir s\u00fcre\u00e7 olmas\u0131n\u0131 engellemek ve sizi memnun etmek bizim \u00f6nceli\u011fimizdir.<\/p>\n<\/div>\n<\/div>\n\n\n\n<p>edine merkez <\/p>\n\n\n\n<p><\/p>\n<div class=\"social-share-buttons\"><a class=\"wirawp-stack-small\" href=\"https:\/\/www.facebook.com\/sharer\/sharer.php?u=https:\/\/edirneemniyetnakliyat.com.tr\/enez\/iletisim\/\" target=\"_blank\" rel=\"noopener\">\uf39e<\/a><a class=\"wirawp-stack-small\" href=\"https:\/\/twitter.com\/intent\/tweet?url=https:\/\/edirneemniyetnakliyat.com.tr\/enez\/iletisim\/&text=%C4%B0leti%C5%9Fim\" target=\"_blank\" rel=\"noopener\">\uf099<\/a><a class=\"wirawp-stack-small\" href=\"https:\/\/www.linkedin.com\/shareArticle?url=https:\/\/edirneemniyetnakliyat.com.tr\/enez\/iletisim\/&title=%C4%B0leti%C5%9Fim\" target=\"_blank\" rel=\"noopener\">\uf0e1<\/a><a class=\"wirawp-stack-small\" href=\"https:\/\/pinterest.com\/pin\/create\/button\/?url=https:\/\/edirneemniyetnakliyat.com.tr\/enez\/iletisim\/&description=%C4%B0leti%C5%9Fim\" target=\"_blank\" rel=\"noopener\">\uf231<\/a><\/div>","protected":false},"excerpt":{"rendered":"<p>\u0130leti\u015fim 0554 530 97 48 0536 311 72 59 \u015eehirlerars\u0131 Ev Ta\u015f\u0131ma Hizmeti M\u00fc\u015fteri Memnuniyeti \u00d6nceli\u011fimizdir Edirne evden eve nakliyat hizmetlerimizde temel hedefimiz, m\u00fc\u015fterilerimizin memnuniyetini en \u00fcst seviyede tutmakt\u0131r. Her ad\u0131mda sizinle ileti\u015fim halinde olur, beklentilerinize en uygun \u00e7\u00f6z\u00fcmleri sunar\u0131z. Ta\u015f\u0131nman\u0131n stresli bir s\u00fcre\u00e7 olmas\u0131n\u0131 engellemek ve sizi memnun etmek bizim \u00f6nceli\u011fimizdir. edine merkez \uf39e\uf099\uf0e1\uf231<\/p>\n","protected":false},"author":1,"featured_media":0,"parent":0,"menu_order":0,"comment_status":"open","ping_status":"closed","template":"","meta":{"footnotes":""},"class_list":["post-9","page","type-page","status-publish","hentry"],"yoast_head":"<!-- This site is optimized with the Yoast SEO plugin v25.3 - https:\/\/yoast.com\/wordpress\/plugins\/seo\/ -->\n<title>\u0130leti\u015fim - Enez Evden Eve Nakliyat<\/title>\n<meta name=\"robots\" content=\"index, follow, max-snippet:-1, max-image-preview:large, max-video-preview:-1\" \/>\n<link rel=\"canonical\" href=\"https:\/\/edirneemniyetnakliyat.com.tr\/enez\/iletisim\/\" \/>\n<meta property=\"og:locale\" content=\"tr_TR\" \/>\n<meta property=\"og:type\" content=\"article\" \/>\n<meta property=\"og:title\" content=\"\u0130leti\u015fim - Enez Evden Eve Nakliyat\" \/>\n<meta property=\"og:description\" content=\"\u0130leti\u015fim 0554 530 97 48 0536 311 72 59 \u015eehirlerars\u0131 Ev Ta\u015f\u0131ma Hizmeti M\u00fc\u015fteri Memnuniyeti \u00d6nceli\u011fimizdir Edirne evden eve nakliyat hizmetlerimizde temel hedefimiz, m\u00fc\u015fterilerimizin memnuniyetini en \u00fcst seviyede tutmakt\u0131r. Her ad\u0131mda sizinle ileti\u015fim halinde olur, beklentilerinize en uygun \u00e7\u00f6z\u00fcmleri sunar\u0131z. Ta\u015f\u0131nman\u0131n stresli bir s\u00fcre\u00e7 olmas\u0131n\u0131 engellemek ve sizi memnun etmek bizim \u00f6nceli\u011fimizdir. edine merkez \uf39e\uf099\uf0e1\uf231\" \/>\n<meta property=\"og:url\" content=\"https:\/\/edirneemniyetnakliyat.com.tr\/enez\/iletisim\/\" \/>\n<meta property=\"og:site_name\" content=\"Enez Evden Eve Nakliyat\" \/>\n<meta name=\"twitter:card\" content=\"summary_large_image\" \/>\n<script type=\"application\/ld+json\" class=\"yoast-schema-graph\">{\"@context\":\"https:\/\/schema.org\",\"@graph\":[{\"@type\":\"WebPage\",\"@id\":\"https:\/\/edirneemniyetnakliyat.com.tr\/enez\/iletisim\/\",\"url\":\"https:\/\/edirneemniyetnakliyat.com.tr\/enez\/iletisim\/\",\"name\":\"\u0130leti\u015fim - Enez Evden Eve Nakliyat\",\"isPartOf\":{\"@id\":\"https:\/\/edirneemniyetnakliyat.com.tr\/enez\/#website\"},\"datePublished\":\"2025-06-10T15:45:50+00:00\",\"breadcrumb\":{\"@id\":\"https:\/\/edirneemniyetnakliyat.com.tr\/enez\/iletisim\/#breadcrumb\"},\"inLanguage\":\"tr\",\"potentialAction\":[{\"@type\":\"ReadAction\",\"target\":[\"https:\/\/edirneemniyetnakliyat.com.tr\/enez\/iletisim\/\"]}]},{\"@type\":\"BreadcrumbList\",\"@id\":\"https:\/\/edirneemniyetnakliyat.com.tr\/enez\/iletisim\/#breadcrumb\",\"itemListElement\":[{\"@type\":\"ListItem\",\"position\":1,\"name\":\"Anasayfa\",\"item\":\"https:\/\/edirneemniyetnakliyat.com.tr\/enez\/\"},{\"@type\":\"ListItem\",\"position\":2,\"name\":\"\u0130leti\u015fim\"}]},{\"@type\":\"WebSite\",\"@id\":\"https:\/\/edirneemniyetnakliyat.com.tr\/enez\/#website\",\"url\":\"https:\/\/edirneemniyetnakliyat.com.tr\/enez\/\",\"name\":\"Enez Evden Eve Nakliyat\",\"description\":\"\",\"potentialAction\":[{\"@type\":\"SearchAction\",\"target\":{\"@type\":\"EntryPoint\",\"urlTemplate\":\"https:\/\/edirneemniyetnakliyat.com.tr\/enez\/?s={search_term_string}\"},\"query-input\":{\"@type\":\"PropertyValueSpecification\",\"valueRequired\":true,\"valueName\":\"search_term_string\"}}],\"inLanguage\":\"tr\"}]}<\/script>\n<!-- \/ Yoast SEO plugin. -->","yoast_head_json":{"title":"\u0130leti\u015fim - Enez Evden Eve Nakliyat","robots":{"index":"index","follow":"follow","max-snippet":"max-snippet:-1","max-image-preview":"max-image-preview:large","max-video-preview":"max-video-preview:-1"},"canonical":"https:\/\/edirneemniyetnakliyat.com.tr\/enez\/iletisim\/","og_locale":"tr_TR","og_type":"article","og_title":"\u0130leti\u015fim - Enez Evden Eve Nakliyat","og_description":"\u0130leti\u015fim 0554 530 97 48 0536 311 72 59 \u015eehirlerars\u0131 Ev Ta\u015f\u0131ma Hizmeti M\u00fc\u015fteri Memnuniyeti \u00d6nceli\u011fimizdir Edirne evden eve nakliyat hizmetlerimizde temel hedefimiz, m\u00fc\u015fterilerimizin memnuniyetini en \u00fcst seviyede tutmakt\u0131r. Her ad\u0131mda sizinle ileti\u015fim halinde olur, beklentilerinize en uygun \u00e7\u00f6z\u00fcmleri sunar\u0131z. Ta\u015f\u0131nman\u0131n stresli bir s\u00fcre\u00e7 olmas\u0131n\u0131 engellemek ve sizi memnun etmek bizim \u00f6nceli\u011fimizdir. edine merkez \uf39e\uf099\uf0e1\uf231","og_url":"https:\/\/edirneemniyetnakliyat.com.tr\/enez\/iletisim\/","og_site_name":"Enez Evden Eve Nakliyat","twitter_card":"summary_large_image","schema":{"@context":"https:\/\/schema.org","@graph":[{"@type":"WebPage","@id":"https:\/\/edirneemniyetnakliyat.com.tr\/enez\/iletisim\/","url":"https:\/\/edirneemniyetnakliyat.com.tr\/enez\/iletisim\/","name":"\u0130leti\u015fim - Enez Evden Eve Nakliyat","isPartOf":{"@id":"https:\/\/edirneemniyetnakliyat.com.tr\/enez\/#website"},"datePublished":"2025-06-10T15:45:50+00:00","breadcrumb":{"@id":"https:\/\/edirneemniyetnakliyat.com.tr\/enez\/iletisim\/#breadcrumb"},"inLanguage":"tr","potentialAction":[{"@type":"ReadAction","target":["https:\/\/edirneemniyetnakliyat.com.tr\/enez\/iletisim\/"]}]},{"@type":"BreadcrumbList","@id":"https:\/\/edirneemniyetnakliyat.com.tr\/enez\/iletisim\/#breadcrumb","itemListElement":[{"@type":"ListItem","position":1,"name":"Anasayfa","item":"https:\/\/edirneemniyetnakliyat.com.tr\/enez\/"},{"@type":"ListItem","position":2,"name":"\u0130leti\u015fim"}]},{"@type":"WebSite","@id":"https:\/\/edirneemniyetnakliyat.com.tr\/enez\/#website","url":"https:\/\/edirneemniyetnakliyat.com.tr\/enez\/","name":"Enez Evden Eve Nakliyat","description":"","potentialAction":[{"@type":"SearchAction","target":{"@type":"EntryPoint","urlTemplate":"https:\/\/edirneemniyetnakliyat.com.tr\/enez\/?s={search_term_string}"},"query-input":{"@type":"PropertyValueSpecification","valueRequired":true,"valueName":"search_term_string"}}],"inLanguage":"tr"}]}},"_links":{"self":[{"href":"https:\/\/edirneemniyetnakliyat.com.tr\/enez\/wp-json\/wp\/v2\/pages\/9","targetHints":{"allow":["GET"]}}],"collection":[{"href":"https:\/\/edirneemniyetnakliyat.com.tr\/enez\/wp-json\/wp\/v2\/pages"}],"about":[{"href":"https:\/\/edirneemniyetnakliyat.com.tr\/enez\/wp-json\/wp\/v2\/types\/page"}],"author":[{"embeddable":true,"href":"https:\/\/edirneemniyetnakliyat.com.tr\/enez\/wp-json\/wp\/v2\/users\/1"}],"replies":[{"embeddable":true,"href":"https:\/\/edirneemniyetnakliyat.com.tr\/enez\/wp-json\/wp\/v2\/comments?post=9"}],"version-history":[{"count":0,"href":"https:\/\/edirneemniyetnakliyat.com.tr\/enez\/wp-json\/wp\/v2\/pages\/9\/revisions"}],"wp:attachment":[{"href":"https:\/\/edirneemniyetnakliyat.com.tr\/enez\/wp-json\/wp\/v2\/media?parent=9"}],"curies":[{"name":"wp","href":"https:\/\/api.w.org\/{rel}","templated":true}]}}